{"id":388,"date":"2021-11-11T17:52:47","date_gmt":"2021-11-11T16:52:47","guid":{"rendered":"http:\/\/sgp.loks.com.pl\/?page_id=388"},"modified":"2022-02-22T18:09:15","modified_gmt":"2022-02-22T17:09:15","slug":"czlonkowie-honorowi","status":"publish","type":"page","link":"https:\/\/sgp.edu.pl\/index.php\/czlonkowie-honorowi\/","title":{"rendered":"Cz\u0142onkowie honorowi"},"content":{"rendered":"\t\t<div data-elementor-type=\"wp-post\" data-elementor-id=\"388\" class=\"elementor elementor-388\">\n\t\t\t\t\t\t<section class=\"elementor-section elementor-top-section elementor-element elementor-element-18a81f5 elementor-section-boxed elementor-section-height-default elementor-section-height-default\" data-id=\"18a81f5\" data-element_type=\"section\">\n\t\t\t\t\t\t<div class=\"elementor-container elementor-column-gap-default\">\n\t\t\t\t\t<div class=\"elementor-column elementor-col-100 elementor-top-column elementor-element elementor-element-576f0ce\" data-id=\"576f0ce\" data-element_type=\"column\">\n\t\t\t<div class=\"elementor-widget-wrap elementor-element-populated\">\n\t\t\t\t\t\t<div class=\"elementor-element elementor-element-b2a7b74 elementor-widget elementor-widget-text-editor\" data-id=\"b2a7b74\" data-element_type=\"widget\" data-widget_type=\"text-editor.default\">\n\t\t\t\t<div class=\"elementor-widget-container\">\n\t\t\t\t\t\t\t\t\t<h4>Cz\u0142onkowie honorowi, laureaci Statuetek honorowych Stowarzyszenia Germanist\u00f3w Polskich<\/h4><p>Prof. dr Hans-J\u00fcrgen Krumm<br \/>Prof. dr Hartmut Eggert<br \/>Prof. dr hab. Adam Zieli\u0144ski<br \/>Prof. dr Olga Dobijanka-Witczakowa<br \/>Prof. dr Karl-Dieter B\u00fcnting<br \/>Prof. dr Wolfgang Heinemann<br \/>Prof. dr Margot Heinemann<br \/>dr Heinz-Rudi Spiegel<br \/>dr Gisela Janetzke<br \/>Prof. dr Heinz Vater<br \/>Prof. dr hab. Lech Kolago<\/p>\t\t\t\t\t\t\t\t<\/div>\n\t\t\t\t<\/div>\n\t\t\t\t\t<\/div>\n\t\t<\/div>\n\t\t\t\t\t<\/div>\n\t\t<\/section>\n\t\t\t\t<\/div>\n\t\t","protected":false},"excerpt":{"rendered":"<p>Cz\u0142onkowie honorowi, laureaci Statuetek honorowych Stowarzyszenia Germanist\u00f3w Polskich Prof. dr Hans-J\u00fcrgen KrummProf. dr Hartmut EggertProf. dr hab. Adam Zieli\u0144skiProf. dr Olga Dobijanka-WitczakowaProf. dr Karl-Dieter B\u00fcntingProf. dr Wolfgang HeinemannProf. dr Margot Heinemanndr Heinz-Rudi Spiegeldr Gisela JanetzkeProf. dr Heinz VaterProf. dr hab. Lech Kolago<\/p>\n","protected":false},"author":2,"featured_media":0,"parent":0,"menu_order":0,"comment_status":"closed","ping_status":"closed","template":"","meta":{"footnotes":""},"class_list":["post-388","page","type-page","status-publish","hentry","post"],"_links":{"self":[{"href":"https:\/\/sgp.edu.pl\/index.php\/wp-json\/wp\/v2\/pages\/388"}],"collection":[{"href":"https:\/\/sgp.edu.pl\/index.php\/wp-json\/wp\/v2\/pages"}],"about":[{"href":"https:\/\/sgp.edu.pl\/index.php\/wp-json\/wp\/v2\/types\/page"}],"author":[{"embeddable":true,"href":"https:\/\/sgp.edu.pl\/index.php\/wp-json\/wp\/v2\/users\/2"}],"replies":[{"embeddable":true,"href":"https:\/\/sgp.edu.pl\/index.php\/wp-json\/wp\/v2\/comments?post=388"}],"version-history":[{"count":19,"href":"https:\/\/sgp.edu.pl\/index.php\/wp-json\/wp\/v2\/pages\/388\/revisions"}],"predecessor-version":[{"id":1681,"href":"https:\/\/sgp.edu.pl\/index.php\/wp-json\/wp\/v2\/pages\/388\/revisions\/1681"}],"wp:attachment":[{"href":"https:\/\/sgp.edu.pl\/index.php\/wp-json\/wp\/v2\/media?parent=388"}],"curies":[{"name":"wp","href":"https:\/\/api.w.org\/{rel}","templated":true}]}}