{"id":2,"date":"2020-02-28T13:32:18","date_gmt":"2020-02-28T13:32:18","guid":{"rendered":"http:\/\/pls.nowa.biz.pl\/?page_id=2"},"modified":"2022-01-23T17:35:00","modified_gmt":"2022-01-23T16:35:00","slug":"o-nas","status":"publish","type":"page","link":"https:\/\/sgp.edu.pl\/index.php\/o-nas\/","title":{"rendered":"Stowarzyszenie Germanist\u00f3w Polskich"},"content":{"rendered":"\n<p><strong>Rok za\u0142o\u017cenia: <\/strong>1990 (rejestracja 19 kwietnia 1991 r.) <br><strong>Siedziba:<\/strong> Warszawa<br><strong>Zadania:\u00a0\u00a0<\/strong>Wspieranie prac badawczych oraz upowszechnianie osi\u0105gni\u0119\u0107 naukowych w dziedzinie bada\u0144 germanistycznych<br><strong>Liczba cz\u0142onk\u00f3w:<\/strong> 360 (2012 r.) <\/p>\n\n\n\n<p><strong>Struktura organizacyjna:<\/strong>\u00a0Walne Zgromadzenie, Zarz\u0105d<\/p>\n\n\n\n<p><strong>Prezydium Zarz\u0105du&nbsp;(2021-2024): <\/strong><br><strong>Przewodnicz\u0105cy:&nbsp;<\/strong>prof. dr hab. Sambor Grucza&nbsp;&nbsp;<strong><br>Sekretarz:<\/strong> dr Ma\u0142gorzata Kosacka<strong><br>Skarbnik:<\/strong>&nbsp;prof. ucz. dr hab. Pawe\u0142 Szersze\u0144\n\n<\/p>\n","protected":false},"excerpt":{"rendered":"<p>Rok za\u0142o\u017cenia: 1990 (rejestracja 19 kwietnia 1991 r.) Siedziba: WarszawaZadania:\u00a0\u00a0Wspieranie prac badawczych oraz upowszechnianie osi\u0105gni\u0119\u0107 naukowych w dziedzinie bada\u0144 germanistycznychLiczba cz\u0142onk\u00f3w: 360 (2012 r.) Struktura organizacyjna:\u00a0Walne Zgromadzenie, Zarz\u0105d Prezydium Zarz\u0105du&nbsp;(2021-2024): Przewodnicz\u0105cy:&nbsp;prof. dr hab. Sambor Grucza&nbsp;&nbsp;Sekretarz: dr Ma\u0142gorzata KosackaSkarbnik:&nbsp;prof. ucz. dr hab. Pawe\u0142 Szersze\u0144<\/p>\n","protected":false},"author":2,"featured_media":219,"parent":0,"menu_order":0,"comment_status":"closed","ping_status":"open","template":"","meta":{"footnotes":""},"class_list":["post-2","page","type-page","status-publish","has-post-thumbnail","hentry","post","post-with-thumbnail","post-with-thumbnail-large"],"_links":{"self":[{"href":"https:\/\/sgp.edu.pl\/index.php\/wp-json\/wp\/v2\/pages\/2"}],"collection":[{"href":"https:\/\/sgp.edu.pl\/index.php\/wp-json\/wp\/v2\/pages"}],"about":[{"href":"https:\/\/sgp.edu.pl\/index.php\/wp-json\/wp\/v2\/types\/page"}],"author":[{"embeddable":true,"href":"https:\/\/sgp.edu.pl\/index.php\/wp-json\/wp\/v2\/users\/2"}],"replies":[{"embeddable":true,"href":"https:\/\/sgp.edu.pl\/index.php\/wp-json\/wp\/v2\/comments?post=2"}],"version-history":[{"count":9,"href":"https:\/\/sgp.edu.pl\/index.php\/wp-json\/wp\/v2\/pages\/2\/revisions"}],"predecessor-version":[{"id":1048,"href":"https:\/\/sgp.edu.pl\/index.php\/wp-json\/wp\/v2\/pages\/2\/revisions\/1048"}],"wp:featuredmedia":[{"embeddable":true,"href":"https:\/\/sgp.edu.pl\/index.php\/wp-json\/wp\/v2\/media\/219"}],"wp:attachment":[{"href":"https:\/\/sgp.edu.pl\/index.php\/wp-json\/wp\/v2\/media?parent=2"}],"curies":[{"name":"wp","href":"https:\/\/api.w.org\/{rel}","templated":true}]}}