{"id":1109,"date":"2022-01-23T18:39:46","date_gmt":"2022-01-23T17:39:46","guid":{"rendered":"https:\/\/new.sgp.edu.pl\/index.php\/historia-copy\/"},"modified":"2022-01-23T18:46:34","modified_gmt":"2022-01-23T17:46:34","slug":"geschichte","status":"publish","type":"page","link":"https:\/\/sgp.edu.pl\/index.php\/de\/geschichte\/","title":{"rendered":"Geschichte"},"content":{"rendered":"\t\t<div data-elementor-type=\"wp-post\" data-elementor-id=\"1109\" class=\"elementor elementor-1109\">\n\t\t\t\t\t\t<section class=\"elementor-section elementor-top-section elementor-element elementor-element-4deade4 elementor-section-full_width elementor-section-height-default elementor-section-height-default\" data-id=\"4deade4\" data-element_type=\"section\">\n\t\t\t\t\t\t<div class=\"elementor-container elementor-column-gap-no\">\n\t\t\t\t\t<div class=\"elementor-column elementor-col-100 elementor-top-column elementor-element elementor-element-320cf99b\" data-id=\"320cf99b\" data-element_type=\"column\">\n\t\t\t<div class=\"elementor-widget-wrap elementor-element-populated\">\n\t\t\t\t\t\t<div class=\"elementor-element elementor-element-2768f6b elementor-widget elementor-widget-text-editor\" data-id=\"2768f6b\" data-element_type=\"widget\" data-widget_type=\"text-editor.default\">\n\t\t\t\t<div class=\"elementor-widget-container\">\n\t\t\t\t\t\t\t\t\t<div class=\"content\">\n<div class=\"opis\">\n<p><strong>Der Verband Polnischer Germanisten<\/strong>\u00a0wurde am 20. November 1990 auf Initiative von Professor Franciszek Grucza, der seitdem ununterbrochen Pr\u00e4sident des Verbandes ist, gegr\u00fcndet. Als Sekret\u00e4re des Verbandes waren Prof. Dr. Tadeusz Namowicz (in den Jahren 1991-2000), Prof. Dr. Jan Ko\u017abia\u0142 (in den Jahren 2000-2006) und Dr. Ewa Zwierzcho\u0144-Grabowska (in den Jahren 2006-2009) t\u00e4tig.<\/p>\n<p><strong>Der Verband\u00a0<\/strong>vereinigt fast die gesamte polnische Germanistik: 90% aller habilitierten sowie 50% aller promovierten Germanisten, die alle heute betriebenen germanistischen Disziplinen vertreten: Sprach-, Literatur-, Kulturwissenschaft und Translatorik (\u00dcbersetzungswissenschaft) sowie Glottodidaktik (Fremdsprachendidaktik). Seit einiger Zeit schlie\u00dfen sich dem Verband Vertreter der Deutschlandstudien, sogar &#8222;germanistische&#8221; Historiker und Politologen, an. Die Zahl der neuen Mitglieder w\u00e4chst regelm\u00e4\u00dfig.<\/p>\n<p><strong>Der Verband<\/strong>\u00a0organisiert allj\u00e4hrlich anl\u00e4sslich der Jahreshauptversammlungen seiner Mitglieder internationale wissenschaftliche Konferenzen und Seminare. Gastgeber einer Vollversammlung ist jeweils ein anderes polnisches germanistisches Institut, das zugleich die Chance bekommt, den Kolleginnen und Kollegen sein spezielles Profil vorzustellen. Die Gastgeber der Treffen waren: das Institut f\u00fcr Germanische Philologie der Maria-Curie-Sk\u0142odowska-Universit\u00e4t in Lublin (7.-8.5.2001; Konferenzthema:\u00a0<i>Universit\u00e4tsgermanistik und die polnische Schulreform<\/i>, das Institut f\u00fcr Germanische Philologie der Universit\u00e4t Wroc\u0142aw (20.-21.4.2002; Konferenzthema:\u00a0<i>Virtuelle Germanistik<\/i>, das Germanistische Institut der Universit\u00e4t Szczecin (2.-4.5.2003, Konferenzthema:\u00a0<i>Deutsch-polnische und gesamteurop\u00e4ische Integration in Forschung, Lehre und \u00d6ffentlichkeitsarbeit der [polnischen] Germanistik<\/i>, das Institut f\u00fcr Germanische Philologie der Adam-Mickiewicz-Universit\u00e4t in Pozna\u0144 (23.-25.4.2004, Konferenzthema:\u00a0<i>Konstrukte und Realit\u00e4t in der Sprach-, Literatur- und Kulturwissenschaft sowie in der Geschichtsforschung und Sozialwissenschaft<\/i>, das Institut f\u00fcr Germanische Philologie der Jagellonen-Universit\u00e4t in Krakau (22.-24.4.2005, Konferenzthema:\u00a0<i>Germanistische Erfahrungen und Perspektiven der Interkulturalit\u00e4t<\/i>. Gastgeber der Konferenz des VPG im Jahre 2006 war das Germanistische Institut der Nikolaus-Kopernik-Universit\u00e4t in Toru\u0144 (12.-14.5.2006, Konferenzthema:\u00a0<i>Texte &#8211; Gegenst\u00e4nde germanistischer Forschung und Lehre<\/i>. In 2007 fand die Konfenrenz des VPG im Opole (11.-13. Mai 2007) statt &#8211; das Thema der Konferenz lautete:\u00a0<em>Germanistische Wahrnehmungen der Multimedialit\u00e4t, Multilingualit\u00e4t und Multikulturalit\u00e4t<\/em>). Vor kanpp zwei Jahren, in 2008 tagten die Miegliederversammlung und die G\u00e4ste der wissenschftlichen Konferenz in einem Kongreszentrum in Bronis\u0142aw\u00f3w (9.-11. Mai 2008, Thema der Konfereny lautete:\u00a0<em>Translatorik in Forschung und Lehre der Germanistik<\/em>) &#8211; der Mitveranstalter der Konfereny war die Hochschule f\u00fcr Geistes- und Wirtschaftswissenschaften in \u0141\u00f3d\u017a.\u00a0<\/p>\n<p><strong>Dem Verband Polnischer Germanisten<\/strong>\u00a0stehen neben anderen wesentlichen Errungenschaften auch drei wichtige internationale Konferenzen zu Buche, die die allj\u00e4hrlichen Tagungen noch an Bedeutung \u00fcbertreffen: 1. Eine deutsch-polnische Tagung zu beiderseitigen Stereotypen und Vorurteilen (Zgorzelec und G\u00f6rlitz, 9.-11.12.1992); Dokumentation auf Polnisch:\u00a0<i>Uprzedzenia mi\u0119dzy Polakami i Niemcami<\/i>\u00a0(Warszawa 1994) und auf Deutsch:\u00a0<i>Vorurteile zwischen Deutschen und Polen<\/i>\u00a0(Warschau 1994); 2. Deutsch und Germanistik in Mitteleuropa (Warschau, 10.-12.10.1996); Teilnehmer aus beinahe 20 L\u00e4ndern; Dokumentation:\u00a0<i>Deutsch und Auslandsgermanistik in Mitteleuropa. Geschichte &#8211; Stand &#8211; Ausblicke\u00a0<\/i>(Warschau 1998); 3. Millenium-Kongress unter der Schirmherrschaft der Staatspr\u00e4sidenten der Bundesrepublik Deutschland und der Republik Polen (Warschau, 5.-8.4.2000); 360 Teilnehmer aus mehr als einem Dutzend L\u00e4nder; Dokumentation:\u00a0<i>Tausend Jahre polnisch-deutsche Beziehungen. Sprache &#8211; Literatur &#8211; Kultur &#8211; Politik<\/i>\u00a0(Warschau 2001).<\/p>\n<p><strong>Am 3. September 2005<\/strong>\u00a0in Paris w\u00e4hlte die Vollversammlung der Internationalen Vereinigung f\u00fcr Germanistik (IVG) der Pr\u00e4sidenten des Verbandes Polnischer Germanisten, Prof. Dr. Franciszek Grucza, als den ersten Wissenschaftler von einem osteurop\u00e4ischen Land zu ihrem neuen Pr\u00e4sidenten.<\/p>\n<\/div>\n<div class=\"clear2\">\u00a0<\/div>\n<\/div>\n<div class=\"st\">\u00a0<\/div>\t\t\t\t\t\t\t\t<\/div>\n\t\t\t\t<\/div>\n\t\t\t\t\t<\/div>\n\t\t<\/div>\n\t\t\t\t\t<\/div>\n\t\t<\/section>\n\t\t\t\t<\/div>\n\t\t","protected":false},"excerpt":{"rendered":"<p>Der Verband Polnischer Germanisten\u00a0wurde am 20. November 1990 auf Initiative von Professor Franciszek Grucza, der seitdem ununterbrochen Pr\u00e4sident des Verbandes ist, gegr\u00fcndet. Als Sekret\u00e4re des Verbandes waren Prof. Dr. Tadeusz Namowicz (in den Jahren 1991-2000), Prof. Dr. Jan Ko\u017abia\u0142 (in den Jahren 2000-2006) und Dr. [&hellip;]<\/p>\n","protected":false},"author":2,"featured_media":214,"parent":0,"menu_order":0,"comment_status":"closed","ping_status":"closed","template":"","meta":{"footnotes":""},"class_list":["post-1109","page","type-page","status-publish","has-post-thumbnail","hentry","post","post-with-thumbnail","post-with-thumbnail-large"],"_links":{"self":[{"href":"https:\/\/sgp.edu.pl\/index.php\/wp-json\/wp\/v2\/pages\/1109"}],"collection":[{"href":"https:\/\/sgp.edu.pl\/index.php\/wp-json\/wp\/v2\/pages"}],"about":[{"href":"https:\/\/sgp.edu.pl\/index.php\/wp-json\/wp\/v2\/types\/page"}],"author":[{"embeddable":true,"href":"https:\/\/sgp.edu.pl\/index.php\/wp-json\/wp\/v2\/users\/2"}],"replies":[{"embeddable":true,"href":"https:\/\/sgp.edu.pl\/index.php\/wp-json\/wp\/v2\/comments?post=1109"}],"version-history":[{"count":16,"href":"https:\/\/sgp.edu.pl\/index.php\/wp-json\/wp\/v2\/pages\/1109\/revisions"}],"predecessor-version":[{"id":1126,"href":"https:\/\/sgp.edu.pl\/index.php\/wp-json\/wp\/v2\/pages\/1109\/revisions\/1126"}],"wp:featuredmedia":[{"embeddable":true,"href":"https:\/\/sgp.edu.pl\/index.php\/wp-json\/wp\/v2\/media\/214"}],"wp:attachment":[{"href":"https:\/\/sgp.edu.pl\/index.php\/wp-json\/wp\/v2\/media?parent=1109"}],"curies":[{"name":"wp","href":"https:\/\/api.w.org\/{rel}","templated":true}]}}